{"id":251,"date":"2025-08-06T02:44:09","date_gmt":"2025-08-06T05:44:09","guid":{"rendered":"https:\/\/bekmar.com.uy\/?page_id=251"},"modified":"2025-08-06T02:52:38","modified_gmt":"2025-08-06T05:52:38","slug":"vinos","status":"publish","type":"page","link":"https:\/\/bekmar.com.uy\/?page_id=251","title":{"rendered":"Vinos"},"content":{"rendered":"\n<div class=\"wp-block-columns is-layout-flex wp-container-core-columns-is-layout-28f84493 wp-block-columns-is-layout-flex\">\n<div class=\"wp-block-column is-layout-flow wp-block-column-is-layout-flow\" style=\"flex-basis:33.33%\">\n<h2 class=\"wp-block-heading\" id=\"finca-flichman\">Finca Flichman<\/h2>\n\n\n\n<p>Bodega mendocina <strong>fundada en 1910 en Barrancas (Maip\u00fa)<\/strong> y, desde <strong>1998<\/strong>, parte del <strong>Grupo Sogrape<\/strong>; hoy trabaja vi\u00f1edos en <strong>Barrancas<\/strong> y <strong>Tupungato (Valle de Uco)<\/strong>. En este cat\u00e1logo encontr\u00e1s las l\u00edneas <strong>Caballero de la Cepa, Reserva, Estate y Misterio<\/strong> con varietales como <strong>Malbec, Cabernet Sauvignon, Chardonnay y Ros\u00e9<\/strong>.<\/p>\n\n\n\n<div class=\"wp-block-file\"><a id=\"wp-block-file--media-7eae39c0-dae3-4a0b-8c3c-46ef258dcc7c\" href=\"http:\/\/bekmar.com.uy\/wp-content\/uploads\/2025\/08\/Muestra-Catalogo-de-Productos-Soldo-1-62-64.pdf\" target=\"_blank\" rel=\"noreferrer noopener\">Cat\u00e1logo Finca Flichman<\/a><\/div>\n<\/div>\n\n\n\n<div class=\"wp-block-column is-layout-flow wp-block-column-is-layout-flow\" style=\"flex-basis:66.66%\">\n<figure class=\"wp-block-image size-large\"><img loading=\"lazy\" decoding=\"async\" width=\"1024\" height=\"576\" src=\"https:\/\/bekmar.com.uy\/wp-content\/uploads\/2025\/08\/sliderflichman-1024x576.webp\" alt=\"\" class=\"wp-image-253\" srcset=\"https:\/\/bekmar.com.uy\/wp-content\/uploads\/2025\/08\/sliderflichman-1024x576.webp 1024w, https:\/\/bekmar.com.uy\/wp-content\/uploads\/2025\/08\/sliderflichman-300x169.webp 300w, https:\/\/bekmar.com.uy\/wp-content\/uploads\/2025\/08\/sliderflichman-768x432.webp 768w, https:\/\/bekmar.com.uy\/wp-content\/uploads\/2025\/08\/sliderflichman-600x338.webp 600w, https:\/\/bekmar.com.uy\/wp-content\/uploads\/2025\/08\/sliderflichman.webp 1280w\" sizes=\"auto, (max-width: 1024px) 100vw, 1024px\" \/><\/figure>\n<\/div>\n<\/div>\n\n\n\n<div class=\"wp-block-columns is-layout-flex wp-container-core-columns-is-layout-28f84493 wp-block-columns-is-layout-flex\">\n<div class=\"wp-block-column is-layout-flow wp-block-column-is-layout-flow\" style=\"flex-basis:66.66%\">\n<figure class=\"wp-block-image size-large\"><img loading=\"lazy\" decoding=\"async\" width=\"1024\" height=\"853\" src=\"https:\/\/bekmar.com.uy\/wp-content\/uploads\/2025\/08\/varelazarra-1024x853.jpg\" alt=\"\" class=\"wp-image-230\" srcset=\"https:\/\/bekmar.com.uy\/wp-content\/uploads\/2025\/08\/varelazarra-1024x853.jpg 1024w, https:\/\/bekmar.com.uy\/wp-content\/uploads\/2025\/08\/varelazarra-300x250.jpg 300w, https:\/\/bekmar.com.uy\/wp-content\/uploads\/2025\/08\/varelazarra-768x640.jpg 768w, https:\/\/bekmar.com.uy\/wp-content\/uploads\/2025\/08\/varelazarra-600x500.jpg 600w, https:\/\/bekmar.com.uy\/wp-content\/uploads\/2025\/08\/varelazarra.jpg 1200w\" sizes=\"auto, (max-width: 1024px) 100vw, 1024px\" \/><\/figure>\n<\/div>\n\n\n\n<div class=\"wp-block-column is-layout-flow wp-block-column-is-layout-flow\" style=\"flex-basis:33.33%\">\n<h2 class=\"wp-block-heading\" id=\"varela-zarranz\">Varela Zarranz<\/h2>\n\n\n\n<p>Desde <strong>1933<\/strong>, Varela Zarranz elabora vinos con una filosof\u00eda de <strong>excelencia e innovaci\u00f3n<\/strong> sostenida por varias generaciones.<br>Encontr\u00e1 <strong>Sauvignon Blanc<\/strong> y <strong>Cabernet Sauvignon<\/strong> (ros\u00e9 y tinto), <strong>assemblages<\/strong> como <strong>Cabernet Franc\u2013Tannat<\/strong> y <strong>Tannat\u2013Merlot<\/strong>, las l\u00edneas <strong>Peque\u00f1as Producciones<\/strong> e <strong>\u00cdconos<\/strong>, y una selecci\u00f3n de <strong>espumosos<\/strong> (Grande Cuv\u00e9e, Mar\u00eda Zarranz, Brut Nature) y <strong>Cosecha Tard\u00eda Topacio<\/strong>.<\/p>\n\n\n\n<div class=\"wp-block-file\"><a id=\"wp-block-file--media-ef20f00e-9cee-4d0a-9bf5-a1f33b762d90\" href=\"http:\/\/bekmar.com.uy\/wp-content\/uploads\/2025\/08\/7-CATALOGO-2024-1.pdf\" target=\"_blank\" rel=\"noreferrer noopener\">Catalogo Varela Zarranz<\/a><\/div>\n<\/div>\n<\/div>\n\n\n\n<p><\/p>\n","protected":false},"excerpt":{"rendered":"<p>Finca Flichman Bodega mendocina fundada en 1910 en Barrancas (Maip\u00fa) y, desde 1998, parte del Grupo Sogrape; hoy trabaja vi\u00f1edos [&hellip;]<\/p>\n","protected":false},"author":2,"featured_media":0,"parent":0,"menu_order":0,"comment_status":"closed","ping_status":"closed","template":"","meta":{"site-sidebar-layout":"default","site-content-layout":"","ast-site-content-layout":"default","site-content-style":"default","site-sidebar-style":"default","ast-global-header-display":"","ast-banner-title-visibility":"","ast-main-header-display":"","ast-hfb-above-header-display":"","ast-hfb-below-header-display":"","ast-hfb-mobile-header-display":"","site-post-title":"","ast-breadcrumbs-content":"","ast-featured-img":"","footer-sml-layout":"","theme-transparent-header-meta":"","adv-header-id-meta":"","stick-header-meta":"","header-above-stick-meta":"","header-main-stick-meta":"","header-below-stick-meta":"","astra-migrate-meta-layouts":"default","ast-page-background-enabled":"default","ast-page-background-meta":{"desktop":{"background-color":"var(--ast-global-color-5)","background-image":"","background-repeat":"repeat","background-position":"center center","background-size":"auto","background-attachment":"scroll","background-type":"","background-media":"","overlay-type":"","overlay-color":"","overlay-opacity":"","overlay-gradient":""},"tablet":{"background-color":"","background-image":"","background-repeat":"repeat","background-position":"center center","background-size":"auto","background-attachment":"scroll","background-type":"","background-media":"","overlay-type":"","overlay-color":"","overlay-opacity":"","overlay-gradient":""},"mobile":{"background-color":"","background-image":"","background-repeat":"repeat","background-position":"center center","background-size":"auto","background-attachment":"scroll","background-type":"","background-media":"","overlay-type":"","overlay-color":"","overlay-opacity":"","overlay-gradient":""}},"ast-content-background-meta":{"desktop":{"background-color":"var(--ast-global-color-4)","background-image":"","background-repeat":"repeat","background-position":"center center","background-size":"auto","background-attachment":"scroll","background-type":"","background-media":"","overlay-type":"","overlay-color":"","overlay-opacity":"","overlay-gradient":""},"tablet":{"background-color":"var(--ast-global-color-4)","background-image":"","background-repeat":"repeat","background-position":"center center","background-size":"auto","background-attachment":"scroll","background-type":"","background-media":"","overlay-type":"","overlay-color":"","overlay-opacity":"","overlay-gradient":""},"mobile":{"background-color":"var(--ast-global-color-4)","background-image":"","background-repeat":"repeat","background-position":"center center","background-size":"auto","background-attachment":"scroll","background-type":"","background-media":"","overlay-type":"","overlay-color":"","overlay-opacity":"","overlay-gradient":""}},"footnotes":""},"class_list":["post-251","page","type-page","status-publish","hentry"],"jetpack_sharing_enabled":true,"_links":{"self":[{"href":"https:\/\/bekmar.com.uy\/index.php?rest_route=\/wp\/v2\/pages\/251","targetHints":{"allow":["GET"]}}],"collection":[{"href":"https:\/\/bekmar.com.uy\/index.php?rest_route=\/wp\/v2\/pages"}],"about":[{"href":"https:\/\/bekmar.com.uy\/index.php?rest_route=\/wp\/v2\/types\/page"}],"author":[{"embeddable":true,"href":"https:\/\/bekmar.com.uy\/index.php?rest_route=\/wp\/v2\/users\/2"}],"replies":[{"embeddable":true,"href":"https:\/\/bekmar.com.uy\/index.php?rest_route=%2Fwp%2Fv2%2Fcomments&post=251"}],"version-history":[{"count":2,"href":"https:\/\/bekmar.com.uy\/index.php?rest_route=\/wp\/v2\/pages\/251\/revisions"}],"predecessor-version":[{"id":264,"href":"https:\/\/bekmar.com.uy\/index.php?rest_route=\/wp\/v2\/pages\/251\/revisions\/264"}],"wp:attachment":[{"href":"https:\/\/bekmar.com.uy\/index.php?rest_route=%2Fwp%2Fv2%2Fmedia&parent=251"}],"curies":[{"name":"wp","href":"https:\/\/api.w.org\/{rel}","templated":true}]}}